{"id":1287,"date":"2022-09-04T15:49:13","date_gmt":"2022-09-04T13:49:13","guid":{"rendered":"http:\/\/gavo.toysroom.it\/porta-cliche\/"},"modified":"2025-05-29T17:03:27","modified_gmt":"2025-05-29T15:03:27","slug":"porta-cliche","status":"publish","type":"page","link":"https:\/\/www.gavomeccanica.com\/es\/porta-cliche\/","title":{"rendered":"Clich\u00e8 Holder"},"content":{"rendered":"<div id='full_slider_1'  class='avia-fullwidth-slider main_color avia-shadow   avia-builder-el-0  el_before_av_one_half  avia-builder-el-first   container_wrap sidebar_right'  ><div  class='avia-slideshow av-l7ne5vfg-b25124a986e25216ab27829537bdcc17 avia-slideshow-entry_without_sidebar av_slideshow_full avia-slide-slider av-slideshow-ui av-control-default av-slideshow-manual av-loop-once av-loop-manual-endless av-default-height-applied   avia-slideshow-1' data-slideshow-options=\"{&quot;animation&quot;:&quot;slide&quot;,&quot;autoplay&quot;:false,&quot;loop_autoplay&quot;:&quot;once&quot;,&quot;interval&quot;:5,&quot;loop_manual&quot;:&quot;manual-endless&quot;,&quot;autoplay_stopper&quot;:false,&quot;noNavigation&quot;:false,&quot;bg_slider&quot;:false,&quot;keep_padding&quot;:false,&quot;hoverpause&quot;:false,&quot;show_slide_delay&quot;:0}\"  itemprop=\"image\" itemscope=\"itemscope\" itemtype=\"https:\/\/schema.org\/ImageObject\" ><ul class='avia-slideshow-inner ' style='padding-bottom: 34.95867768595%;'><li  class='avia-slideshow-slide av-l7ne5vfg-b25124a986e25216ab27829537bdcc17__0  av-single-slide slide-1 slide-odd'><div data-rel='slideshow-1' class='avia-slide-wrap '   ><img decoding=\"async\" fetchpriority=\"high\" class=\"wp-image-2191 avia-img-lazy-loading-not-2191\"  src=\"https:\/\/www.gavomeccanica.com\/wp-content\/uploads\/2025\/02\/SFONDO_6-1210x423.jpg\" width=\"1210\" height=\"423\" title='SFONDO_6' alt=''  itemprop=\"thumbnailUrl\"   \/><\/div><\/li><\/ul><\/div><\/div><div id='after_full_slider_1'  class='main_color av_default_container_wrap container_wrap sidebar_right'  ><div class='container av-section-cont-open' ><div class='template-page content  av-content-small alpha units'><div class='post-entry post-entry-type-page post-entry-1287'><div class='entry-content-wrapper clearfix'>\n<div  class='flex_column av-adkly-f5d1987ecd2f50c6796dce82704976a1 av_one_half  avia-builder-el-1  el_after_av_slideshow_full  el_before_av_one_half  avia-builder-el-first  first flex_column_div  '     ><div  class='avia-slideshow av-l7nghucr-d3a3615d6ea63abda302f98afc64bd86 avia-slideshow-no scaling av_slideshow avia-slide-slider  avia-builder-el-2  avia-builder-el-no-sibling  av-slideshow-ui av-control-default av-nav-arrows-visible av-no-slider-navigation av-slideshow-manual av-loop-once av-loop-manual-endless av-default-height-applied avia-slideshow-2' data-slideshow-options=\"{&quot;animation&quot;:&quot;slide&quot;,&quot;autoplay&quot;:false,&quot;loop_autoplay&quot;:&quot;once&quot;,&quot;interval&quot;:5,&quot;loop_manual&quot;:&quot;manual-endless&quot;,&quot;autoplay_stopper&quot;:false,&quot;noNavigation&quot;:false,&quot;bg_slider&quot;:false,&quot;keep_padding&quot;:false,&quot;hoverpause&quot;:false,&quot;show_slide_delay&quot;:0}\"  itemprop=\"image\" itemscope=\"itemscope\" itemtype=\"https:\/\/schema.org\/ImageObject\" ><ul class='avia-slideshow-inner ' style='padding-bottom: 69.294003868472%;'><li  class='avia-slideshow-slide av-l7nghucr-d3a3615d6ea63abda302f98afc64bd86__0  slide-1 slide-odd'><div data-rel='slideshow-2' class='avia-slide-wrap '   ><img decoding=\"async\" fetchpriority=\"high\" class=\"wp-image-1537 avia-img-lazy-loading-not-1537\"  src=\"https:\/\/www.gavomeccanica.com\/wp-content\/uploads\/2023\/04\/cliche_01-1-1.jpg\" width=\"2068\" height=\"1433\" title='cliche_01-1' alt=''  itemprop=\"thumbnailUrl\" srcset=\"https:\/\/www.gavomeccanica.com\/wp-content\/uploads\/2023\/04\/cliche_01-1-1.jpg 2068w, https:\/\/www.gavomeccanica.com\/wp-content\/uploads\/2023\/04\/cliche_01-1-1-300x208.jpg 300w, https:\/\/www.gavomeccanica.com\/wp-content\/uploads\/2023\/04\/cliche_01-1-1-1030x714.jpg 1030w, https:\/\/www.gavomeccanica.com\/wp-content\/uploads\/2023\/04\/cliche_01-1-1-768x532.jpg 768w, https:\/\/www.gavomeccanica.com\/wp-content\/uploads\/2023\/04\/cliche_01-1-1-1536x1064.jpg 1536w, https:\/\/www.gavomeccanica.com\/wp-content\/uploads\/2023\/04\/cliche_01-1-1-2048x1419.jpg 2048w, https:\/\/www.gavomeccanica.com\/wp-content\/uploads\/2023\/04\/cliche_01-1-1-1500x1039.jpg 1500w, https:\/\/www.gavomeccanica.com\/wp-content\/uploads\/2023\/04\/cliche_01-1-1-705x489.jpg 705w\" sizes=\"(max-width: 2068px) 100vw, 2068px\" \/><\/div><\/li><li  class='avia-slideshow-slide av-l7nghucr-d3a3615d6ea63abda302f98afc64bd86__1  slide-2 slide-even'><div data-rel='slideshow-2' class='avia-slide-wrap '   ><img decoding=\"async\" fetchpriority=\"high\" class=\"wp-image-784 avia-img-lazy-loading-not-784\"  src=\"https:\/\/www.gavomeccanica.com\/wp-content\/uploads\/2022\/09\/cliche_02-1.jpeg\" width=\"800\" height=\"580\" title='cliche_02' alt=''  itemprop=\"thumbnailUrl\" srcset=\"https:\/\/www.gavomeccanica.com\/wp-content\/uploads\/2022\/09\/cliche_02-1.jpeg 800w, https:\/\/www.gavomeccanica.com\/wp-content\/uploads\/2022\/09\/cliche_02-1-300x218.jpeg 300w, https:\/\/www.gavomeccanica.com\/wp-content\/uploads\/2022\/09\/cliche_02-1-768x557.jpeg 768w, https:\/\/www.gavomeccanica.com\/wp-content\/uploads\/2022\/09\/cliche_02-1-705x511.jpeg 705w\" sizes=\"(max-width: 800px) 100vw, 800px\" \/><\/div><\/li><li  class='avia-slideshow-slide av-l7nghucr-d3a3615d6ea63abda302f98afc64bd86__2  slide-3 slide-odd'><div data-rel='slideshow-2' class='avia-slide-wrap '   ><img decoding=\"async\" fetchpriority=\"high\" class=\"wp-image-788 avia-img-lazy-loading-not-788\"  src=\"https:\/\/www.gavomeccanica.com\/wp-content\/uploads\/2022\/09\/cliche_03-1.jpeg\" width=\"800\" height=\"533\" title='cliche_03' alt=''  itemprop=\"thumbnailUrl\" srcset=\"https:\/\/www.gavomeccanica.com\/wp-content\/uploads\/2022\/09\/cliche_03-1.jpeg 800w, https:\/\/www.gavomeccanica.com\/wp-content\/uploads\/2022\/09\/cliche_03-1-300x200.jpeg 300w, https:\/\/www.gavomeccanica.com\/wp-content\/uploads\/2022\/09\/cliche_03-1-768x512.jpeg 768w, https:\/\/www.gavomeccanica.com\/wp-content\/uploads\/2022\/09\/cliche_03-1-705x470.jpeg 705w\" sizes=\"(max-width: 800px) 100vw, 800px\" \/><\/div><\/li><\/ul><div class='avia-slideshow-arrows avia-slideshow-controls' ><a href='#prev' class='prev-slide ' aria-hidden='true' data-av_icon='\ue87c' data-av_iconfont='entypo-fontello'  tabindex='-1'>Anterior<\/a><a href='#next' class='next-slide ' aria-hidden='true' data-av_icon='\ue87d' data-av_iconfont='entypo-fontello'  tabindex='-1'>Posterior<\/a><\/div><\/div><\/div>\n<div  class='flex_column av-vuba6-7254899e51ae519d77c470000f3ec2ce av_one_half  avia-builder-el-3  el_after_av_one_half  avia-builder-el-last  flex_column_div  '     ><p>\n<style type=\"text\/css\" data-created_by=\"avia_inline_auto\" id=\"style-css-av-tm692-4371645574c0d40cb60885ef5f2016c7\">\n#top .av-special-heading.av-tm692-4371645574c0d40cb60885ef5f2016c7{\npadding-bottom:10px;\n}\nbody .av-special-heading.av-tm692-4371645574c0d40cb60885ef5f2016c7 .av-special-heading-tag .heading-char{\nfont-size:25px;\n}\n.av-special-heading.av-tm692-4371645574c0d40cb60885ef5f2016c7 .av-subheading{\nfont-size:15px;\n}\n<\/style>\n<div  class='av-special-heading av-tm692-4371645574c0d40cb60885ef5f2016c7 av-special-heading-h3 blockquote modern-quote  avia-builder-el-4  el_before_av_hr  avia-builder-el-first '><h3 class='av-special-heading-tag '  itemprop=\"headline\"  >PORTA CLICH\u00c8<\/h3><div class=\"special-heading-border\"><div class=\"special-heading-inner-border\"><\/div><\/div><\/div><br \/>\n\n<style type=\"text\/css\" data-created_by=\"avia_inline_auto\" id=\"style-css-av-lc7ftrju-800e4fa36bb1e3174a9d45468431fa45\">\n#top .hr.av-lc7ftrju-800e4fa36bb1e3174a9d45468431fa45{\nmargin-top:0;\nmargin-bottom:10px;\n}\n.hr.av-lc7ftrju-800e4fa36bb1e3174a9d45468431fa45 .hr-inner{\nwidth:50px;\nborder-color:#0069af;\n}\n<\/style>\n<div  class='hr av-lc7ftrju-800e4fa36bb1e3174a9d45468431fa45 hr-custom  avia-builder-el-5  el_after_av_heading  el_before_av_textblock  hr-left hr-icon-no'><span class='hr-inner inner-border-av-border-fat'><span class=\"hr-inner-style\"><\/span><\/span><\/div><br \/>\n<section  class='av_textblock_section av-h0ljq-234fc106ca0bd9421e28b8382e44c2a7 '   itemscope=\"itemscope\" itemtype=\"https:\/\/schema.org\/CreativeWork\" ><div class='avia_textblock'  itemprop=\"text\" ><p><strong>Calidad sin concesiones<\/strong><\/p>\n<p>Desde hace m\u00e1s de 30 a\u00f1os, <strong>GA.VO. Meccanica<\/strong> dise\u00f1a y fabrica estructuras portal\u00e1mparas robustas y duraderas. El \u00e9xito de este producto puede atribuirse a nuestro uso exclusivo del acero, que garantiza una longevidad superior en comparaci\u00f3n con las alternativas pl\u00e1sticas t\u00edpicamente encontradas en el mercado, que a menudo tienen una vida \u00fatil corta y requieren un reemplazo frecuente.<\/p>\n<p>Nuestras estructuras portaclich\u00e9s son ideales para aquellos que buscan una alta calidad artesanal y un excelente retorno de la inversi\u00f3n.<\/p>\n<p>&nbsp;<\/p>\n<\/div><\/section><br \/>\n\n<style type=\"text\/css\" data-created_by=\"avia_inline_auto\" id=\"style-css-av-lc7ftza2-a3e952feee98f6433fddf47b865e3ee9\">\n#top .hr.hr-invisible.av-lc7ftza2-a3e952feee98f6433fddf47b865e3ee9{\nheight:20px;\n}\n<\/style>\n<div  class='hr av-lc7ftza2-a3e952feee98f6433fddf47b865e3ee9 hr-invisible  avia-builder-el-7  el_after_av_textblock  el_before_av_textblock '><span class='hr-inner '><span class=\"hr-inner-style\"><\/span><\/span><\/div><br \/>\n\n<style type=\"text\/css\" data-created_by=\"avia_inline_auto\" id=\"style-css-av-l7ngxofl-472df49a311b8512a7275f376080ae23\">\n#top .av_textblock_section.av-l7ngxofl-472df49a311b8512a7275f376080ae23 .avia_textblock{\nfont-size:14px;\ntext-align:left;\n}\n<\/style>\n<section  class='av_textblock_section av-l7ngxofl-472df49a311b8512a7275f376080ae23 '   itemscope=\"itemscope\" itemtype=\"https:\/\/schema.org\/CreativeWork\" ><div class='avia_textblock'  itemprop=\"text\" ><p style=\"text-align: left;\"><strong>CONSULTE LA FICHA T\u00c9CNICA PARA CONOCER TODOS LOS TAMA\u00d1OS DISPONIBLES<\/strong><\/p>\n<\/div><\/section><br \/>\n\n<style type=\"text\/css\" data-created_by=\"avia_inline_auto\" id=\"style-css-av-8j3v2-6cd9be06e11b81d52bb24ff192c22086\">\n.avia-image-container.av-8j3v2-6cd9be06e11b81d52bb24ff192c22086 img.avia_image{\nbox-shadow:none;\n}\n.avia-image-container.av-8j3v2-6cd9be06e11b81d52bb24ff192c22086 .av-image-caption-overlay-center{\ncolor:#ffffff;\n}\n<\/style>\n<div  class='avia-image-container av-8j3v2-6cd9be06e11b81d52bb24ff192c22086 av-styling- avia-align-center  avia-builder-el-9  el_after_av_textblock  avia-builder-el-last '   itemprop=\"image\" itemscope=\"itemscope\" itemtype=\"https:\/\/schema.org\/ImageObject\" ><div class=\"avia-image-container-inner\"><div class=\"avia-image-overlay-wrap\"><img decoding=\"async\" fetchpriority=\"high\" class='wp-image-1493 avia-img-lazy-loading-not-1493 avia_image ' src=\"https:\/\/www.gavomeccanica.com\/wp-content\/uploads\/2023\/04\/Tavola-disegno-1-20.jpg\" alt='' title='Tavola disegno 1-20'  height=\"271\" width=\"400\"  itemprop=\"thumbnailUrl\" srcset=\"https:\/\/www.gavomeccanica.com\/wp-content\/uploads\/2023\/04\/Tavola-disegno-1-20.jpg 400w, https:\/\/www.gavomeccanica.com\/wp-content\/uploads\/2023\/04\/Tavola-disegno-1-20-300x203.jpg 300w\" sizes=\"(max-width: 400px) 100vw, 400px\" \/><\/div><\/div><\/div><\/p><\/div>\n","protected":false},"excerpt":{"rendered":"","protected":false},"author":1,"featured_media":0,"parent":0,"menu_order":0,"comment_status":"closed","ping_status":"closed","template":"","meta":{"_acf_changed":false,"footnotes":""},"class_list":["post-1287","page","type-page","status-publish","hentry"],"acf":[],"yoast_head":"<!-- This site is optimized with the Yoast SEO plugin v27.1.1 - https:\/\/yoast.com\/product\/yoast-seo-wordpress\/ -->\n<title>Clich\u00e8 Holder - Gavo Meccanica<\/title>\n<meta name=\"robots\" content=\"index, follow, max-snippet:-1, max-image-preview:large, max-video-preview:-1\" \/>\n<link rel=\"canonical\" href=\"https:\/\/www.gavomeccanica.com\/porta-cliche\/\" \/>\n<meta property=\"og:locale\" content=\"es_ES\" \/>\n<meta property=\"og:type\" content=\"article\" \/>\n<meta property=\"og:title\" content=\"Clich\u00e8 Holder - Gavo Meccanica\" \/>\n<meta property=\"og:url\" content=\"https:\/\/www.gavomeccanica.com\/porta-cliche\/\" \/>\n<meta property=\"og:site_name\" content=\"Gavo Meccanica\" \/>\n<meta property=\"article:modified_time\" content=\"2025-05-29T15:03:27+00:00\" \/>\n<meta name=\"twitter:card\" content=\"summary_large_image\" \/>\n<meta name=\"twitter:label1\" content=\"Tiempo de lectura\" \/>\n\t<meta name=\"twitter:data1\" content=\"11 minutos\" \/>\n<script type=\"application\/ld+json\" class=\"yoast-schema-graph\">{\"@context\":\"https:\/\/schema.org\",\"@graph\":[{\"@type\":\"WebPage\",\"@id\":\"https:\/\/www.gavomeccanica.com\/porta-cliche\/\",\"url\":\"https:\/\/www.gavomeccanica.com\/porta-cliche\/\",\"name\":\"Clich\u00e8 Holder - Gavo Meccanica\",\"isPartOf\":{\"@id\":\"https:\/\/www.gavomeccanica.com\/#website\"},\"datePublished\":\"2022-09-04T13:49:13+00:00\",\"dateModified\":\"2025-05-29T15:03:27+00:00\",\"breadcrumb\":{\"@id\":\"https:\/\/www.gavomeccanica.com\/porta-cliche\/#breadcrumb\"},\"inLanguage\":\"es\",\"potentialAction\":[{\"@type\":\"ReadAction\",\"target\":[\"https:\/\/www.gavomeccanica.com\/porta-cliche\/\"]}]},{\"@type\":\"BreadcrumbList\",\"@id\":\"https:\/\/www.gavomeccanica.com\/porta-cliche\/#breadcrumb\",\"itemListElement\":[{\"@type\":\"ListItem\",\"position\":1,\"name\":\"Home\",\"item\":\"https:\/\/www.gavomeccanica.com\/es\/home\/\"},{\"@type\":\"ListItem\",\"position\":2,\"name\":\"Clich\u00e8 Holder\"}]},{\"@type\":\"WebSite\",\"@id\":\"https:\/\/www.gavomeccanica.com\/#website\",\"url\":\"https:\/\/www.gavomeccanica.com\/\",\"name\":\"Gavo Meccanica\",\"description\":\"\",\"potentialAction\":[{\"@type\":\"SearchAction\",\"target\":{\"@type\":\"EntryPoint\",\"urlTemplate\":\"https:\/\/www.gavomeccanica.com\/?s={search_term_string}\"},\"query-input\":{\"@type\":\"PropertyValueSpecification\",\"valueRequired\":true,\"valueName\":\"search_term_string\"}}],\"inLanguage\":\"es\"}]}<\/script>\n<!-- \/ Yoast SEO plugin. -->","yoast_head_json":{"title":"Clich\u00e8 Holder - Gavo Meccanica","robots":{"index":"index","follow":"follow","max-snippet":"max-snippet:-1","max-image-preview":"max-image-preview:large","max-video-preview":"max-video-preview:-1"},"canonical":"https:\/\/www.gavomeccanica.com\/porta-cliche\/","og_locale":"es_ES","og_type":"article","og_title":"Clich\u00e8 Holder - Gavo Meccanica","og_url":"https:\/\/www.gavomeccanica.com\/porta-cliche\/","og_site_name":"Gavo Meccanica","article_modified_time":"2025-05-29T15:03:27+00:00","twitter_card":"summary_large_image","twitter_misc":{"Tiempo de lectura":"11 minutos"},"schema":{"@context":"https:\/\/schema.org","@graph":[{"@type":"WebPage","@id":"https:\/\/www.gavomeccanica.com\/porta-cliche\/","url":"https:\/\/www.gavomeccanica.com\/porta-cliche\/","name":"Clich\u00e8 Holder - Gavo Meccanica","isPartOf":{"@id":"https:\/\/www.gavomeccanica.com\/#website"},"datePublished":"2022-09-04T13:49:13+00:00","dateModified":"2025-05-29T15:03:27+00:00","breadcrumb":{"@id":"https:\/\/www.gavomeccanica.com\/porta-cliche\/#breadcrumb"},"inLanguage":"es","potentialAction":[{"@type":"ReadAction","target":["https:\/\/www.gavomeccanica.com\/porta-cliche\/"]}]},{"@type":"BreadcrumbList","@id":"https:\/\/www.gavomeccanica.com\/porta-cliche\/#breadcrumb","itemListElement":[{"@type":"ListItem","position":1,"name":"Home","item":"https:\/\/www.gavomeccanica.com\/es\/home\/"},{"@type":"ListItem","position":2,"name":"Clich\u00e8 Holder"}]},{"@type":"WebSite","@id":"https:\/\/www.gavomeccanica.com\/#website","url":"https:\/\/www.gavomeccanica.com\/","name":"Gavo Meccanica","description":"","potentialAction":[{"@type":"SearchAction","target":{"@type":"EntryPoint","urlTemplate":"https:\/\/www.gavomeccanica.com\/?s={search_term_string}"},"query-input":{"@type":"PropertyValueSpecification","valueRequired":true,"valueName":"search_term_string"}}],"inLanguage":"es"}]}},"_links":{"self":[{"href":"https:\/\/www.gavomeccanica.com\/es\/wp-json\/wp\/v2\/pages\/1287","targetHints":{"allow":["GET"]}}],"collection":[{"href":"https:\/\/www.gavomeccanica.com\/es\/wp-json\/wp\/v2\/pages"}],"about":[{"href":"https:\/\/www.gavomeccanica.com\/es\/wp-json\/wp\/v2\/types\/page"}],"author":[{"embeddable":true,"href":"https:\/\/www.gavomeccanica.com\/es\/wp-json\/wp\/v2\/users\/1"}],"replies":[{"embeddable":true,"href":"https:\/\/www.gavomeccanica.com\/es\/wp-json\/wp\/v2\/comments?post=1287"}],"version-history":[{"count":0,"href":"https:\/\/www.gavomeccanica.com\/es\/wp-json\/wp\/v2\/pages\/1287\/revisions"}],"wp:attachment":[{"href":"https:\/\/www.gavomeccanica.com\/es\/wp-json\/wp\/v2\/media?parent=1287"}],"curies":[{"name":"wp","href":"https:\/\/api.w.org\/{rel}","templated":true}]}}